{"id":3,"date":"2019-02-13T18:20:51","date_gmt":"2019-02-13T18:20:51","guid":{"rendered":"https:\/\/oberdorfstrasse.de\/wordpress\/?page_id=3"},"modified":"2019-02-15T08:57:55","modified_gmt":"2019-02-15T08:57:55","slug":"privacy-policy","status":"publish","type":"page","link":"https:\/\/oberdorfstrasse.de\/index.php\/kontakt\/privacy-policy\/","title":{"rendered":"Privacy Policy"},"content":{"rendered":"\r\n<h2 class=\"wp-block-heading\">Wer wir sind<\/h2>\r\n<p>Unsere Website-Adresse lautet: https:\/\/oberdorfstrasse.de\/wordpress<\/p>\r\n<h2>Welche personenbezogenen Daten wir erheben und warum wir sie erheben<\/h2>\r\n<h3>Kommentare<\/h3>\r\n<p>Wenn Besucher Kommentare auf der Website hinterlassen, sammeln wir die im Kommentarformular angezeigten Daten, sowie die IP-Adresse des Besuchers und die Zeichenfolge des Browser-Benutzers, um die Spam-Erkennung zu unterst\u00fctzen.<!--more--><\/p>\r\n<p>Eine anonymisierte Zeichenkette, die aus Ihrer E-Mail-Adresse erstellt wurde (auch Hash genannt), kann dem Gravatar-Dienst zur Verf\u00fcgung gestellt werden, um zu sehen, ob Sie sie verwenden. Die Datenschutzerkl\u00e4rung des Gravatar-Service finden Sie hier: https:\/\/automattic.com\/privacy\/. Nach der Freigabe Ihres Kommentars ist Ihr Profilbild im Rahmen Ihres Kommentars f\u00fcr die \u00d6ffentlichkeit sichtbar.<\/p>\r\n<h3>Medien<\/h3>\r\n<p>Wenn Sie Bilder auf die Website hochladen, sollten Sie es vermeiden, Bilder mit integrierten Standortdaten (EXIF GPS) hochzuladen. Besucher der Website k\u00f6nnen beliebige Standortdaten aus den Bildern der Website herunterladen und extrahieren.<\/p>\r\n<h3>Kommentare und Cookies<\/h3>\r\n<p>Wenn Sie einen Kommentar auf unserer Website hinterlassen, k\u00f6nnen Sie sich daf\u00fcr entscheiden, Ihren Namen, Ihre E-Mail-Adresse und Ihre Website in Cookies zu speichern. Diese dienen Ihrer Bequemlichkeit, so dass Sie Ihre Daten nicht erneut eingeben m\u00fcssen, wenn Sie einen anderen Kommentar abgeben. Diese Cookies halten ein Jahr lang.<\/p>\r\n<p>Wenn Sie ein Konto haben und sich auf dieser Website anmelden, setzen wir ein tempor\u00e4res Cookie, um festzustellen, ob Ihr Browser Cookies akzeptiert. Dieses Cookie enth\u00e4lt keine personenbezogenen Daten und wird beim Schlie\u00dfen Ihres Browsers verworfen.<\/p>\r\n<p>Wenn Sie sich einloggen, richten wir auch mehrere Cookies ein, um Ihre Login-Daten und Ihre Bildschirmanzeigeoptionen zu speichern. Anmelde-Cookies dauern zwei Tage, und Cookies f\u00fcr Bildschirmoptionen gelten ein Jahr lang. Wenn Sie &#8220;Remember Me&#8221; w\u00e4hlen, bleibt Ihr Login zwei Wochen lang bestehen. Wenn Sie sich von Ihrem Konto abmelden, werden die Anmelde-Cookies entfernt.<\/p>\r\n<p>Wenn Sie einen Artikel bearbeiten oder ver\u00f6ffentlichen, wird ein zus\u00e4tzliches Cookie in Ihrem Browser gespeichert. Dieses Cookie enth\u00e4lt keine personenbezogenen Daten und zeigt lediglich die Post-ID des Artikels an, den Sie gerade bearbeitet haben. Sie verf\u00e4llt nach 1 Tag.<br \/>Eingebettete Inhalte von anderen Websites<\/p>\r\n<p>Artikel auf dieser Website k\u00f6nnen eingebettete Inhalte enthalten (z.B. Videos, Bilder, Artikel, etc.). Eingebettete Inhalte von anderen Websites verhalten sich genau so, als h\u00e4tte der Besucher die andere Website besucht.<\/p>\r\n<p>Diese Websites k\u00f6nnen Daten \u00fcber Sie sammeln, Cookies verwenden, zus\u00e4tzliche Verfolgung durch Dritte einbetten und Ihre Interaktion mit diesem eingebetteten Inhalt \u00fcberwachen, einschlie\u00dflich der Verfolgung Ihrer Interaktion mit dem eingebetteten Inhalt, wenn Sie ein Konto haben und auf dieser Website angemeldet sind.<\/p>\r\n<h3>Wie lange wir Ihre Daten speichern<\/h3>\r\n<p>Wenn Sie einen Kommentar hinterlassen, bleiben der Kommentar und seine Metadaten auf unbestimmte Zeit erhalten. Auf diese Weise k\u00f6nnen wir alle Folgekommentare automatisch erkennen und genehmigen, anstatt sie in einer Moderationswarteschlange zu halten.<\/p>\r\n<p>F\u00fcr Benutzer, die sich auf unserer Website registrieren (falls vorhanden), speichern wir auch die von ihnen angegebenen personenbezogenen Daten in ihrem Benutzerprofil. Alle Benutzer k\u00f6nnen ihre personenbezogenen Daten jederzeit einsehen, bearbeiten oder l\u00f6schen (au\u00dfer sie k\u00f6nnen ihren Benutzernamen nicht \u00e4ndern). Website-Administratoren k\u00f6nnen diese Informationen auch einsehen und bearbeiten.<br \/>Welche Rechte haben Sie an Ihren Daten?<\/p>\r\n<p>Wenn Sie ein Konto auf dieser Website haben oder Kommentare hinterlassen haben, k\u00f6nnen Sie eine exportierte Datei mit den personenbezogenen Daten, die wir \u00fcber Sie gespeichert haben, anfordern, einschlie\u00dflich aller Daten, die Sie uns zur Verf\u00fcgung gestellt haben. Sie k\u00f6nnen auch verlangen, dass wir alle personenbezogenen Daten, die wir \u00fcber Sie gespeichert haben, l\u00f6schen. Ausgenommen hiervon sind Daten, zu deren Aufbewahrung wir aus administrativen, rechtlichen oder sicherheitsrelevanten Gr\u00fcnden verpflichtet sind.<br \/>Wohin wir Ihre Daten senden<\/p>\r\n<p>Die Kommentare der Besucher k\u00f6nnen durch einen automatisierten Spam-Erkennungsdienst \u00fcberpr\u00fcft werden.<\/p>\r\n<h2>Ihre Kontaktdaten<\/h2>\r\n<p><a href=\"https:\/\/oberdorfstrasse.de\/wordpress\/index.php\/kontakt\/\">Kontakt<\/a><\/p>\r\n\r\n\r\n\r\n\r\n\r\n<h3 class=\"wp-block-heading\">\u00a0<\/h3>\r\n ","protected":false},"excerpt":{"rendered":"<p>Wer wir sind Unsere Website-Adresse lautet: https:\/\/oberdorfstrasse.de\/wordpress Welche personenbezogenen Daten wir erheben und warum wir sie erheben Kommentare Wenn Besucher Kommentare auf der Website hinterlassen, sammeln wir die im Kommentarformular angezeigten Daten, sowie die IP-Adresse des Besuchers und die Zeichenfolge des Browser-Benutzers, um die Spam-Erkennung zu unterst\u00fctzen.<\/p>\n","protected":false},"author":1,"featured_media":0,"parent":77,"menu_order":0,"comment_status":"closed","ping_status":"closed","template":"","meta":{"footnotes":""},"_links":{"self":[{"href":"https:\/\/oberdorfstrasse.de\/index.php\/wp-json\/wp\/v2\/pages\/3"}],"collection":[{"href":"https:\/\/oberdorfstrasse.de\/index.php\/wp-json\/wp\/v2\/pages"}],"about":[{"href":"https:\/\/oberdorfstrasse.de\/index.php\/wp-json\/wp\/v2\/types\/page"}],"author":[{"embeddable":true,"href":"https:\/\/oberdorfstrasse.de\/index.php\/wp-json\/wp\/v2\/users\/1"}],"replies":[{"embeddable":true,"href":"https:\/\/oberdorfstrasse.de\/index.php\/wp-json\/wp\/v2\/comments?post=3"}],"version-history":[{"count":3,"href":"https:\/\/oberdorfstrasse.de\/index.php\/wp-json\/wp\/v2\/pages\/3\/revisions"}],"predecessor-version":[{"id":122,"href":"https:\/\/oberdorfstrasse.de\/index.php\/wp-json\/wp\/v2\/pages\/3\/revisions\/122"}],"up":[{"embeddable":true,"href":"https:\/\/oberdorfstrasse.de\/index.php\/wp-json\/wp\/v2\/pages\/77"}],"wp:attachment":[{"href":"https:\/\/oberdorfstrasse.de\/index.php\/wp-json\/wp\/v2\/media?parent=3"}],"curies":[{"name":"wp","href":"https:\/\/api.w.org\/{rel}","templated":true}]}}