{"id":555,"date":"2019-12-06T21:50:41","date_gmt":"2019-12-06T21:50:41","guid":{"rendered":"https:\/\/oberdorfstrasse.de\/?page_id=555"},"modified":"2022-01-07T15:58:07","modified_gmt":"2022-01-07T15:58:07","slug":"anderes-zeugs","status":"publish","type":"page","link":"https:\/\/oberdorfstrasse.de\/index.php\/anderes-zeugs\/","title":{"rendered":"Anderes Zeugs"},"content":{"rendered":"<ul>\n<li><a href=\"https:\/\/www.luftinfo-stockach.de\/\">Initiative zur Verbesserung der Luftqualit\u00e4t in Stockach<\/a><\/li>\n<li><a href=\"https:\/\/twitter.com\/Feinstaub_Sto\">Feinstaubmelder<\/a> f\u00fcr Stockach aktuelle Mitteilungen und Messwerte<\/li>\n<li><a href=\"https:\/\/www.kontextwochenzeitung.de\/politik\/449\/freie-fahrt-fuer-freie-saurier-6295.html\">Freie Fahrt f\u00fcr freie Saurier<\/a><br \/>\nSo wie das im Artikel im Gro\u00dfen beschrieben wird funktioniert das hier in der Provinz genauso, nur schlimmer.<\/li>\n<li>Hm es scheint so, dass Zitat: <a href=\"https:\/\/onlinelibrary.wiley.com\/doi\/abs\/10.1002\/ijop.12642\">&#8220;Nicht nur Arschl\u00f6cher Mercedes fahren&#8221;<\/a>. Oder anders Zitat:<br \/>\n<a href=\"https:\/\/www.sueddeutsche.de\/wissen\/psychologie-statussymbol-auto-1.4712813\"><em>&#8220;Laut den Daten wirken also auf M\u00e4nner mit geringer Vertr\u00e4glichkeit teure Autos besonders anziehend. Unvertr\u00e4gliche Personen gelten als egoistisch, aggressiv, narzisstisch und das Gegenteil von nett.&#8221;<\/em><\/a><br \/>\nNasowas? Egoistische, aggressive, narzisstische und das Gegenteil von netten Menschen fallen als Fahrer von Statussymbolen tats\u00e4chlich h\u00e4ufiger durch fragw\u00fcrdiges Verhalten im Verkehr auf?<br \/>\nNa, DAS h\u00e4tten wir nicht nicht vermutet&#8230;<\/li>\n<\/ul>\n ","protected":false},"excerpt":{"rendered":"<p>Initiative zur Verbesserung der Luftqualit\u00e4t in Stockach Feinstaubmelder f\u00fcr Stockach aktuelle Mitteilungen und Messwerte Freie Fahrt f\u00fcr freie Saurier So wie das im Artikel im Gro\u00dfen beschrieben wird funktioniert das hier in der Provinz genauso, nur schlimmer. Hm es scheint so, dass Zitat: &#8220;Nicht nur Arschl\u00f6cher Mercedes fahren&#8221;. Oder anders Zitat: &#8220;Laut den Daten wirken [&hellip;]<\/p>\n","protected":false},"author":1,"featured_media":0,"parent":0,"menu_order":0,"comment_status":"closed","ping_status":"closed","template":"","meta":{"footnotes":""},"_links":{"self":[{"href":"https:\/\/oberdorfstrasse.de\/index.php\/wp-json\/wp\/v2\/pages\/555"}],"collection":[{"href":"https:\/\/oberdorfstrasse.de\/index.php\/wp-json\/wp\/v2\/pages"}],"about":[{"href":"https:\/\/oberdorfstrasse.de\/index.php\/wp-json\/wp\/v2\/types\/page"}],"author":[{"embeddable":true,"href":"https:\/\/oberdorfstrasse.de\/index.php\/wp-json\/wp\/v2\/users\/1"}],"replies":[{"embeddable":true,"href":"https:\/\/oberdorfstrasse.de\/index.php\/wp-json\/wp\/v2\/comments?post=555"}],"version-history":[{"count":7,"href":"https:\/\/oberdorfstrasse.de\/index.php\/wp-json\/wp\/v2\/pages\/555\/revisions"}],"predecessor-version":[{"id":896,"href":"https:\/\/oberdorfstrasse.de\/index.php\/wp-json\/wp\/v2\/pages\/555\/revisions\/896"}],"wp:attachment":[{"href":"https:\/\/oberdorfstrasse.de\/index.php\/wp-json\/wp\/v2\/media?parent=555"}],"curies":[{"name":"wp","href":"https:\/\/api.w.org\/{rel}","templated":true}]}}